{"id":5297,"date":"2024-07-23T08:27:44","date_gmt":"2024-07-23T08:27:44","guid":{"rendered":"https:\/\/www.wallprinters.com\/product\/przewody-swiatlowodowe-plyta-glowna-komputera\/"},"modified":"2025-12-11T16:49:45","modified_gmt":"2025-12-11T16:49:45","slug":"przewody-swiatlowodowe-plyta-glowna-komputera","status":"publish","type":"product","link":"https:\/\/wallprinters.com\/pl\/produkt\/przewody-swiatlowodowe-plyta-glowna-komputera\/","title":{"rendered":"Przewody \u015bwiat\u0142owodowe w p\u0142ycie g\u0142\u00f3wnej komputera"},"content":{"rendered":"<p>Przewody \u015bwiat\u0142owodowe, kt\u00f3re montujemy do gniazda w p\u0142ycie g\u0142\u00f3wnej komputera. Odpowiadaj\u0105 za przekazanie sygna\u0142u do g\u0142owy drukuj\u0105cej.<\/p>\n","protected":false},"excerpt":{"rendered":"<p>Przewody \u015bwiat\u0142owodowe, kt\u00f3re montujemy do gniazda w p\u0142ycie g\u0142\u00f3wnej komputera. Odpowiadaj\u0105 za przekazanie sygna\u0142u do g\u0142owy drukuj\u0105cej.<\/p>\n","protected":false},"featured_media":11403,"comment_status":"closed","ping_status":"closed","template":"","meta":{"_acf_changed":false,"content-type":""},"product_brand":[],"product_cat":[102,98],"product_tag":[],"class_list":{"0":"post-5297","1":"product","2":"type-product","3":"status-publish","4":"has-post-thumbnail","6":"product_cat-przewody-i-gniazda-czesci-zamienne","7":"product_cat-czesci-zamienne","9":"first","10":"instock","11":"taxable","12":"shipping-taxable","13":"purchasable","14":"product-type-simple"},"acf":[],"_links":{"self":[{"href":"https:\/\/wallprinters.com\/pl\/wp-json\/wp\/v2\/product\/5297","targetHints":{"allow":["GET"]}}],"collection":[{"href":"https:\/\/wallprinters.com\/pl\/wp-json\/wp\/v2\/product"}],"about":[{"href":"https:\/\/wallprinters.com\/pl\/wp-json\/wp\/v2\/types\/product"}],"replies":[{"embeddable":true,"href":"https:\/\/wallprinters.com\/pl\/wp-json\/wp\/v2\/comments?post=5297"}],"wp:featuredmedia":[{"embeddable":true,"href":"https:\/\/wallprinters.com\/pl\/wp-json\/wp\/v2\/media\/11403"}],"wp:attachment":[{"href":"https:\/\/wallprinters.com\/pl\/wp-json\/wp\/v2\/media?parent=5297"}],"wp:term":[{"taxonomy":"product_brand","embeddable":true,"href":"https:\/\/wallprinters.com\/pl\/wp-json\/wp\/v2\/product_brand?post=5297"},{"taxonomy":"product_cat","embeddable":true,"href":"https:\/\/wallprinters.com\/pl\/wp-json\/wp\/v2\/product_cat?post=5297"},{"taxonomy":"product_tag","embeddable":true,"href":"https:\/\/wallprinters.com\/pl\/wp-json\/wp\/v2\/product_tag?post=5297"}],"curies":[{"name":"wp","href":"https:\/\/api.w.org\/{rel}","templated":true}]}}